{"id":5,"date":"2019-02-18T12:05:35","date_gmt":"2019-02-18T12:05:35","guid":{"rendered":"http:\/\/orlando-vastem.hr\/wordpress\/?page_id=5"},"modified":"2023-02-27T16:18:56","modified_gmt":"2023-02-27T16:18:56","slug":"main","status":"publish","type":"page","link":"https:\/\/orlando-vastem.hr\/wordpress\/","title":{"rendered":"Main"},"content":{"rendered":"\t\t<div data-elementor-type=\"wp-post\" data-elementor-id=\"5\" class=\"elementor elementor-5\">\n\t\t\t\t\t\t\t\t\t<section class=\"elementor-section elementor-top-section elementor-element elementor-element-7efa849 elementor-section-boxed elementor-section-height-default elementor-section-height-default\" data-id=\"7efa849\" data-element_type=\"section\">\n\t\t\t\t\t\t<div class=\"elementor-container elementor-column-gap-default\">\n\t\t\t\t\t<div class=\"elementor-column elementor-col-100 elementor-top-column elementor-element elementor-element-420cb99\" data-id=\"420cb99\" data-element_type=\"column\">\n\t\t\t<div class=\"elementor-widget-wrap elementor-element-populated\">\n\t\t\t\t\t\t\t\t<div class=\"elementor-element elementor-element-656fe3d elementor-widget elementor-widget-spacer\" data-id=\"656fe3d\" data-element_type=\"widget\" data-widget_type=\"spacer.default\">\n\t\t\t\t<div class=\"elementor-widget-container\">\n\t\t\t\t\t<div class=\"elementor-spacer\">\n\t\t\t<div class=\"elementor-spacer-inner\"><\/div>\n\t\t<\/div>\n\t\t\t\t<\/div>\n\t\t\t\t<\/div>\n\t\t\t\t\t<\/div>\n\t\t<\/div>\n\t\t\t\t\t\t\t<\/div>\n\t\t<\/section>\n\t\t\t\t<section class=\"elementor-section elementor-top-section elementor-element elementor-element-e612b2e elementor-section-boxed elementor-section-height-default elementor-section-height-default\" data-id=\"e612b2e\" data-element_type=\"section\">\n\t\t\t\t\t\t<div class=\"elementor-container elementor-column-gap-default\">\n\t\t\t\t\t<div class=\"elementor-column elementor-col-20 elementor-top-column elementor-element elementor-element-b354fef\" data-id=\"b354fef\" data-element_type=\"column\">\n\t\t\t<div class=\"elementor-widget-wrap elementor-element-populated\">\n\t\t\t\t\t\t\t\t<div class=\"elementor-element elementor-element-23d266d elementor-widget elementor-widget-image\" data-id=\"23d266d\" data-element_type=\"widget\" data-widget_type=\"image.default\">\n\t\t\t\t<div class=\"elementor-widget-container\">\n\t\t\t\t\t\t\t\t\t\t\t\t\t\t\t<img fetchpriority=\"high\" decoding=\"async\" width=\"340\" height=\"461\" src=\"https:\/\/orlando-vastem.hr\/wordpress\/wp-content\/uploads\/2022\/01\/IMG_1110-709x1024-1.png\" class=\"attachment-large size-large wp-image-320\" alt=\"\" srcset=\"https:\/\/orlando-vastem.hr\/wordpress\/wp-content\/uploads\/2022\/01\/IMG_1110-709x1024-1.png 340w, https:\/\/orlando-vastem.hr\/wordpress\/wp-content\/uploads\/2022\/01\/IMG_1110-709x1024-1-221x300.png 221w\" sizes=\"100vw\" \/>\t\t\t\t\t\t\t\t\t\t\t\t\t\t\t<\/div>\n\t\t\t\t<\/div>\n\t\t\t\t\t<\/div>\n\t\t<\/div>\n\t\t\t\t<div class=\"elementor-column elementor-col-20 elementor-top-column elementor-element elementor-element-e13e5c3\" data-id=\"e13e5c3\" data-element_type=\"column\">\n\t\t\t<div class=\"elementor-widget-wrap elementor-element-populated\">\n\t\t\t\t\t\t\t\t<div class=\"elementor-element elementor-element-f8d99b0 elementor-widget elementor-widget-image\" data-id=\"f8d99b0\" data-element_type=\"widget\" data-widget_type=\"image.default\">\n\t\t\t\t<div class=\"elementor-widget-container\">\n\t\t\t\t\t\t\t\t\t\t\t\t\t\t\t<img decoding=\"async\" width=\"201\" height=\"300\" src=\"https:\/\/orlando-vastem.hr\/wordpress\/wp-content\/uploads\/2022\/01\/IMG_1142-841x1024-1-201x300.png\" class=\"attachment-medium size-medium wp-image-310\" alt=\"\" srcset=\"https:\/\/orlando-vastem.hr\/wordpress\/wp-content\/uploads\/2022\/01\/IMG_1142-841x1024-1-201x300.png 201w, https:\/\/orlando-vastem.hr\/wordpress\/wp-content\/uploads\/2022\/01\/IMG_1142-841x1024-1.png 487w\" sizes=\"100vw\" \/>\t\t\t\t\t\t\t\t\t\t\t\t\t\t\t<\/div>\n\t\t\t\t<\/div>\n\t\t\t\t\t<\/div>\n\t\t<\/div>\n\t\t\t\t<div class=\"elementor-column elementor-col-20 elementor-top-column elementor-element elementor-element-ad3de9f\" data-id=\"ad3de9f\" data-element_type=\"column\">\n\t\t\t<div class=\"elementor-widget-wrap elementor-element-populated\">\n\t\t\t\t\t\t\t\t<div class=\"elementor-element elementor-element-f97fd60 elementor-widget elementor-widget-image\" data-id=\"f97fd60\" data-element_type=\"widget\" data-widget_type=\"image.default\">\n\t\t\t\t<div class=\"elementor-widget-container\">\n\t\t\t\t\t\t\t\t\t\t\t\t\t\t\t<img decoding=\"async\" width=\"469\" height=\"753\" src=\"https:\/\/orlando-vastem.hr\/wordpress\/wp-content\/uploads\/2022\/01\/IMG_1144.png\" class=\"attachment-large size-large wp-image-319\" alt=\"\" srcset=\"https:\/\/orlando-vastem.hr\/wordpress\/wp-content\/uploads\/2022\/01\/IMG_1144.png 469w, https:\/\/orlando-vastem.hr\/wordpress\/wp-content\/uploads\/2022\/01\/IMG_1144-187x300.png 187w\" sizes=\"100vw\" \/>\t\t\t\t\t\t\t\t\t\t\t\t\t\t\t<\/div>\n\t\t\t\t<\/div>\n\t\t\t\t\t<\/div>\n\t\t<\/div>\n\t\t\t\t<div class=\"elementor-column elementor-col-20 elementor-top-column elementor-element elementor-element-e7ef2dd\" data-id=\"e7ef2dd\" data-element_type=\"column\">\n\t\t\t<div class=\"elementor-widget-wrap elementor-element-populated\">\n\t\t\t\t\t\t\t\t<div class=\"elementor-element elementor-element-e3af3de elementor-widget elementor-widget-image\" data-id=\"e3af3de\" data-element_type=\"widget\" data-widget_type=\"image.default\">\n\t\t\t\t<div class=\"elementor-widget-container\">\n\t\t\t\t\t\t\t\t\t\t\t\t\t\t\t<img loading=\"lazy\" decoding=\"async\" width=\"319\" height=\"521\" src=\"https:\/\/orlando-vastem.hr\/wordpress\/wp-content\/uploads\/2022\/01\/IMG_1108.png\" class=\"attachment-large size-large wp-image-321\" alt=\"\" srcset=\"https:\/\/orlando-vastem.hr\/wordpress\/wp-content\/uploads\/2022\/01\/IMG_1108.png 319w, https:\/\/orlando-vastem.hr\/wordpress\/wp-content\/uploads\/2022\/01\/IMG_1108-184x300.png 184w\" sizes=\"100vw\" \/>\t\t\t\t\t\t\t\t\t\t\t\t\t\t\t<\/div>\n\t\t\t\t<\/div>\n\t\t\t\t\t<\/div>\n\t\t<\/div>\n\t\t\t\t<div class=\"elementor-column elementor-col-20 elementor-top-column elementor-element elementor-element-1531581\" data-id=\"1531581\" data-element_type=\"column\">\n\t\t\t<div class=\"elementor-widget-wrap elementor-element-populated\">\n\t\t\t\t\t\t\t\t<div class=\"elementor-element elementor-element-f01a37d elementor-widget elementor-widget-image\" data-id=\"f01a37d\" data-element_type=\"widget\" data-widget_type=\"image.default\">\n\t\t\t\t<div class=\"elementor-widget-container\">\n\t\t\t\t\t\t\t\t\t\t\t\t\t\t\t<img loading=\"lazy\" decoding=\"async\" width=\"447\" height=\"620\" src=\"https:\/\/orlando-vastem.hr\/wordpress\/wp-content\/uploads\/2022\/01\/IMG_0995.png\" class=\"attachment-large size-large wp-image-322\" alt=\"\" srcset=\"https:\/\/orlando-vastem.hr\/wordpress\/wp-content\/uploads\/2022\/01\/IMG_0995.png 447w, https:\/\/orlando-vastem.hr\/wordpress\/wp-content\/uploads\/2022\/01\/IMG_0995-216x300.png 216w\" sizes=\"100vw\" \/>\t\t\t\t\t\t\t\t\t\t\t\t\t\t\t<\/div>\n\t\t\t\t<\/div>\n\t\t\t\t\t<\/div>\n\t\t<\/div>\n\t\t\t\t\t\t\t<\/div>\n\t\t<\/section>\n\t\t\t\t<section class=\"elementor-section elementor-top-section elementor-element elementor-element-86372ed elementor-section-boxed elementor-section-height-default elementor-section-height-default\" data-id=\"86372ed\" data-element_type=\"section\">\n\t\t\t\t\t\t<div class=\"elementor-container elementor-column-gap-default\">\n\t\t\t\t\t<div class=\"elementor-column elementor-col-100 elementor-top-column elementor-element elementor-element-bd5e2c0\" data-id=\"bd5e2c0\" data-element_type=\"column\">\n\t\t\t<div class=\"elementor-widget-wrap elementor-element-populated\">\n\t\t\t\t\t\t\t\t<div class=\"elementor-element elementor-element-9144803 elementor-widget elementor-widget-spacer\" data-id=\"9144803\" data-element_type=\"widget\" data-widget_type=\"spacer.default\">\n\t\t\t\t<div class=\"elementor-widget-container\">\n\t\t\t\t\t<div class=\"elementor-spacer\">\n\t\t\t<div class=\"elementor-spacer-inner\"><\/div>\n\t\t<\/div>\n\t\t\t\t<\/div>\n\t\t\t\t<\/div>\n\t\t\t\t<div class=\"elementor-element elementor-element-361f1f2 elementor-widget elementor-widget-heading\" data-id=\"361f1f2\" data-element_type=\"widget\" data-widget_type=\"heading.default\">\n\t\t\t\t<div class=\"elementor-widget-container\">\n\t\t\t<h3 class=\"elementor-heading-title elementor-size-default\">Osnovna djelatnost tvrtke su trgovina i usluge u prodaji ekolo\u0161kih parafina, boja\u00a0 (povr\u0161inske i dubinske),\u00a0 mirisa za svije\u0107e , te prodaja podlo\u017enih plo\u010dica za fitilje u strojnoj obradi.<\/h3>\t\t<\/div>\n\t\t\t\t<\/div>\n\t\t\t\t<div class=\"elementor-element elementor-element-d2c940c elementor-widget elementor-widget-text-editor\" data-id=\"d2c940c\" data-element_type=\"widget\" data-widget_type=\"text-editor.default\">\n\t\t\t\t<div class=\"elementor-widget-container\">\n\t\t\t\t\t\t\t<h3 dir=\"ltr\">Tvrtka je osnovana 1992.<\/h3><div dir=\"ltr\">Kao dopunski prodajni program imamo fitilje i poklopce.<\/div><div dir=\"ltr\">\u00a0<\/div><div dir=\"ltr\">Tvrtka isklju\u010divo prati stari stari hrvatski obrt u proizvodnji svije\u0107a i lampa\u0161a.\u00a0<br \/>Stalni kontakti i neposredna povezanost sa proizvodnjom odudara od klasi\u010dne trgovine,<\/div><div dir=\"ltr\">\u0161to daje posebnost u dosada\u0161njem radu tvrtke.\u00a0<\/div><div dir=\"ltr\">\u00a0<\/div><div dir=\"ltr\">Obavezni smo kao tvrtka a i nama je osobno zadovoljstvo dati<\/div><div dir=\"ltr\">to\u010dne informacije i uputstva o na\u010dinu rada sa robama kojima raspola\u017eemo.\u00a0<\/div><div dir=\"ltr\">Tu obvezu su nam dali na\u0161i dobavlja\u010di iz Njema\u010dke, kao i na\u0161i kupci koji istu upotrebljavaju.<\/div><div dir=\"ltr\">\u00a0<\/div><div dir=\"ltr\">Zahvaljuju\u0107i takvom konceptu poslovanja, uspjeli smo prebroditi velike ratne \u0161tete koje nam je donio ratni vihor.<\/div>\t\t\t\t\t\t<\/div>\n\t\t\t\t<\/div>\n\t\t\t\t\t<\/div>\n\t\t<\/div>\n\t\t\t\t\t\t\t<\/div>\n\t\t<\/section>\n\t\t\t\t<section class=\"elementor-section elementor-top-section elementor-element elementor-element-3f477e5 elementor-section-boxed elementor-section-height-default elementor-section-height-default\" data-id=\"3f477e5\" data-element_type=\"section\">\n\t\t\t\t\t\t<div class=\"elementor-container elementor-column-gap-default\">\n\t\t\t\t\t<div class=\"elementor-column elementor-col-33 elementor-top-column elementor-element elementor-element-66dc990\" data-id=\"66dc990\" data-element_type=\"column\">\n\t\t\t<div class=\"elementor-widget-wrap elementor-element-populated\">\n\t\t\t\t\t\t\t\t<div class=\"elementor-element elementor-element-6498fb9 elementor-widget elementor-widget-google_maps\" data-id=\"6498fb9\" data-element_type=\"widget\" data-widget_type=\"google_maps.default\">\n\t\t\t\t<div class=\"elementor-widget-container\">\n\t\t\t\t\t<div class=\"elementor-custom-embed\">\n\t\t\t<iframe loading=\"lazy\"\n\t\t\t\t\tsrc=\"https:\/\/maps.google.com\/maps?q=Slavonska%20Avenija%2018&#038;t=m&#038;z=13&#038;output=embed&#038;iwloc=near\"\n\t\t\t\t\ttitle=\"Slavonska Avenija 18\"\n\t\t\t\t\taria-label=\"Slavonska Avenija 18\"\n\t\t\t><\/iframe>\n\t\t<\/div>\n\t\t\t\t<\/div>\n\t\t\t\t<\/div>\n\t\t\t\t\t<\/div>\n\t\t<\/div>\n\t\t\t\t<div class=\"elementor-column elementor-col-66 elementor-top-column elementor-element elementor-element-6e65478\" data-id=\"6e65478\" data-element_type=\"column\">\n\t\t\t<div class=\"elementor-widget-wrap elementor-element-populated\">\n\t\t\t\t\t\t\t\t<div class=\"elementor-element elementor-element-b8aedcc elementor-widget elementor-widget-spacer\" data-id=\"b8aedcc\" data-element_type=\"widget\" data-widget_type=\"spacer.default\">\n\t\t\t\t<div class=\"elementor-widget-container\">\n\t\t\t\t\t<div class=\"elementor-spacer\">\n\t\t\t<div class=\"elementor-spacer-inner\"><\/div>\n\t\t<\/div>\n\t\t\t\t<\/div>\n\t\t\t\t<\/div>\n\t\t\t\t<div class=\"elementor-element elementor-element-2018dc7 elementor-widget elementor-widget-heading\" data-id=\"2018dc7\" data-element_type=\"widget\" data-widget_type=\"heading.default\">\n\t\t\t\t<div class=\"elementor-widget-container\">\n\t\t\t<h2 class=\"elementor-heading-title elementor-size-default\">Kako do nas ?<\/h2>\t\t<\/div>\n\t\t\t\t<\/div>\n\t\t\t\t<div class=\"elementor-element elementor-element-761a655 elementor-widget elementor-widget-text-editor\" data-id=\"761a655\" data-element_type=\"widget\" data-widget_type=\"text-editor.default\">\n\t\t\t\t<div class=\"elementor-widget-container\">\n\t\t\t\t\t\t\t<p><i><br \/><strong>Adresa:<\/strong> Slavonska Avenija\u00a0 18<br \/><\/i><i>&#8211; u krugu tvornice Kon\u010dar<\/i><i>, <br \/>10000 Zagreb<\/i><\/p><p><strong>Telefon: 01\/ 244-1315<\/strong><br \/><strong>Fax: 01\/ 244-1650<\/strong><br \/><strong>Mobitel: 098\/ 403-209<\/strong><br \/><strong>Email: orlando-vastem1@zg.t-com.hr<\/strong><\/p>\t\t\t\t\t\t<\/div>\n\t\t\t\t<\/div>\n\t\t\t\t\t<\/div>\n\t\t<\/div>\n\t\t\t\t\t\t\t<\/div>\n\t\t<\/section>\n\t\t\t\t\t\t\t<\/div>\n\t\t","protected":false},"excerpt":{"rendered":"<p>Osnovna djelatnost tvrtke su trgovina i usluge u prodaji ekolo\u0161kih parafina, boja\u00a0 (povr\u0161inske i dubinske),\u00a0 mirisa za svije\u0107e , te prodaja podlo\u017enih plo\u010dica za fitilje u strojnoj obradi. Tvrtka je osnovana 1992. Kao dopunski prodajni program imamo fitilje i poklopce.\u00a0Tvrtka isklju\u010divo prati stari stari hrvatski obrt u proizvodnji svije\u0107a i lampa\u0161a.\u00a0Stalni kontakti i neposredna povezanost &hellip; <\/p>\n<p class=\"link-more\"><a href=\"https:\/\/orlando-vastem.hr\/wordpress\/\" class=\"more-link\">Continue reading<span class=\"screen-reader-text\"> &#8220;Main&#8221;<\/span><\/a><\/p>\n","protected":false},"author":1,"featured_media":0,"parent":0,"menu_order":0,"comment_status":"closed","ping_status":"closed","template":"elementor_canvas","meta":{"footnotes":""},"class_list":["post-5","page","type-page","status-publish","hentry"],"_links":{"self":[{"href":"https:\/\/orlando-vastem.hr\/wordpress\/index.php\/wp-json\/wp\/v2\/pages\/5","targetHints":{"allow":["GET"]}}],"collection":[{"href":"https:\/\/orlando-vastem.hr\/wordpress\/index.php\/wp-json\/wp\/v2\/pages"}],"about":[{"href":"https:\/\/orlando-vastem.hr\/wordpress\/index.php\/wp-json\/wp\/v2\/types\/page"}],"author":[{"embeddable":true,"href":"https:\/\/orlando-vastem.hr\/wordpress\/index.php\/wp-json\/wp\/v2\/users\/1"}],"replies":[{"embeddable":true,"href":"https:\/\/orlando-vastem.hr\/wordpress\/index.php\/wp-json\/wp\/v2\/comments?post=5"}],"version-history":[{"count":108,"href":"https:\/\/orlando-vastem.hr\/wordpress\/index.php\/wp-json\/wp\/v2\/pages\/5\/revisions"}],"predecessor-version":[{"id":446,"href":"https:\/\/orlando-vastem.hr\/wordpress\/index.php\/wp-json\/wp\/v2\/pages\/5\/revisions\/446"}],"wp:attachment":[{"href":"https:\/\/orlando-vastem.hr\/wordpress\/index.php\/wp-json\/wp\/v2\/media?parent=5"}],"curies":[{"name":"wp","href":"https:\/\/api.w.org\/{rel}","templated":true}]}}